{"id":1229,"date":"2021-06-08T16:18:22","date_gmt":"2021-06-08T16:18:22","guid":{"rendered":"https:\/\/designama.ca\/?post_type=product&#038;p=1229"},"modified":"2021-06-15T23:33:06","modified_gmt":"2021-06-15T23:33:06","slug":"commack","status":"publish","type":"product","link":"https:\/\/designama.ca\/en\/produit\/commack\/","title":{"rendered":"Commack"},"content":{"rendered":"","protected":false},"excerpt":{"rendered":"<h2 class=\"product-title\">Dimensions : 22&#8243;W x 22&#8243;H<\/h2>\n<div class=\"product-desc\">\n<div class=\"row\">\n<div class=\"col-md-9\">\n<p>Les aires ext\u00e9rieures s&#8217;impr\u00e8gnent d&#8217;une qualit\u00e9 de chaud r\u00e9confort gr\u00e2ce \u00e0 ce coussin. Plac\u00e9 sur une chaise longue, son ton de beige et ses rayures blanches ressortent d&#8217;autant plus sous l&#8217;effet du soleil. Fait de tissu de polypropyl\u00e8ne, il peut facilement affronter la pluie.<\/p>\n<ul>\n<li>Collection : Ext\u00e9rieur<\/li>\n<li>Coussin pour l&#8217;int\u00e9rieur et l&#8217;ext\u00e9rieur<\/li>\n<li>Tiss\u00e9 des deux c\u00f4t\u00e9s<\/li>\n<li>Rayures blanches et bleu fonc\u00e9<\/li>\n<li>Rembourrage 100 % polyester<\/li>\n<li>Poids net : 2,6 lb<\/li>\n<\/ul>\n<\/div>\n<\/div>\n<\/div>\n","protected":false},"featured_media":1230,"comment_status":"open","ping_status":"closed","template":"","meta":[],"product_brand":[],"product_cat":[39],"product_tag":[],"class_list":{"0":"post-1229","1":"product","2":"type-product","3":"status-publish","4":"has-post-thumbnail","6":"product_cat-outdoor","7":"align-left","8":"box-shadow-0","9":"box-shadow-0-hover","10":"ast-product-gallery-layout-horizontal","12":"first","13":"instock","14":"taxable","15":"shipping-taxable","16":"purchasable","17":"product-type-simple"},"_links":{"self":[{"href":"https:\/\/designama.ca\/en\/wp-json\/wp\/v2\/product\/1229","targetHints":{"allow":["GET"]}}],"collection":[{"href":"https:\/\/designama.ca\/en\/wp-json\/wp\/v2\/product"}],"about":[{"href":"https:\/\/designama.ca\/en\/wp-json\/wp\/v2\/types\/product"}],"replies":[{"embeddable":true,"href":"https:\/\/designama.ca\/en\/wp-json\/wp\/v2\/comments?post=1229"}],"wp:featuredmedia":[{"embeddable":true,"href":"https:\/\/designama.ca\/en\/wp-json\/wp\/v2\/media\/1230"}],"wp:attachment":[{"href":"https:\/\/designama.ca\/en\/wp-json\/wp\/v2\/media?parent=1229"}],"wp:term":[{"taxonomy":"product_brand","embeddable":true,"href":"https:\/\/designama.ca\/en\/wp-json\/wp\/v2\/product_brand?post=1229"},{"taxonomy":"product_cat","embeddable":true,"href":"https:\/\/designama.ca\/en\/wp-json\/wp\/v2\/product_cat?post=1229"},{"taxonomy":"product_tag","embeddable":true,"href":"https:\/\/designama.ca\/en\/wp-json\/wp\/v2\/product_tag?post=1229"}],"curies":[{"name":"wp","href":"https:\/\/api.w.org\/{rel}","templated":true}]}}