{"id":1183,"date":"2021-06-08T15:57:46","date_gmt":"2021-06-08T15:57:46","guid":{"rendered":"https:\/\/designama.ca\/?post_type=product&#038;p=1183"},"modified":"2021-06-15T23:39:25","modified_gmt":"2021-06-15T23:39:25","slug":"malden","status":"publish","type":"product","link":"https:\/\/designama.ca\/en\/produit\/malden\/","title":{"rendered":"Malden"},"content":{"rendered":"","protected":false},"excerpt":{"rendered":"<h2 class=\"product-title\">Dimensions : OAH: 27.5&#8243;H SHADE: 10&#8243;H X DIA-16<\/h2>\n<div><span style=\"font-size: 16px\">B\u00e9ton &#8211; Tissu fin blanc cass\u00e9 &#8211; 100W &#8211; Interrupteur \u00e0 3 voies &#8211; E26 A &#8211; Ampoule non inclus<\/span><\/div>\n","protected":false},"featured_media":1184,"comment_status":"open","ping_status":"closed","template":"","meta":[],"product_brand":[],"product_cat":[34],"product_tag":[],"class_list":{"0":"post-1183","1":"product","2":"type-product","3":"status-publish","4":"has-post-thumbnail","6":"product_cat-lampe","7":"align-left","8":"box-shadow-0","9":"box-shadow-0-hover","10":"ast-product-gallery-layout-horizontal","12":"first","13":"instock","14":"taxable","15":"shipping-taxable","16":"purchasable","17":"product-type-simple"},"_links":{"self":[{"href":"https:\/\/designama.ca\/en\/wp-json\/wp\/v2\/product\/1183","targetHints":{"allow":["GET"]}}],"collection":[{"href":"https:\/\/designama.ca\/en\/wp-json\/wp\/v2\/product"}],"about":[{"href":"https:\/\/designama.ca\/en\/wp-json\/wp\/v2\/types\/product"}],"replies":[{"embeddable":true,"href":"https:\/\/designama.ca\/en\/wp-json\/wp\/v2\/comments?post=1183"}],"wp:featuredmedia":[{"embeddable":true,"href":"https:\/\/designama.ca\/en\/wp-json\/wp\/v2\/media\/1184"}],"wp:attachment":[{"href":"https:\/\/designama.ca\/en\/wp-json\/wp\/v2\/media?parent=1183"}],"wp:term":[{"taxonomy":"product_brand","embeddable":true,"href":"https:\/\/designama.ca\/en\/wp-json\/wp\/v2\/product_brand?post=1183"},{"taxonomy":"product_cat","embeddable":true,"href":"https:\/\/designama.ca\/en\/wp-json\/wp\/v2\/product_cat?post=1183"},{"taxonomy":"product_tag","embeddable":true,"href":"https:\/\/designama.ca\/en\/wp-json\/wp\/v2\/product_tag?post=1183"}],"curies":[{"name":"wp","href":"https:\/\/api.w.org\/{rel}","templated":true}]}}