{"id":1173,"date":"2021-06-08T15:54:48","date_gmt":"2021-06-08T15:54:48","guid":{"rendered":"https:\/\/designama.ca\/?post_type=product&#038;p=1173"},"modified":"2021-06-15T23:41:19","modified_gmt":"2021-06-15T23:41:19","slug":"castile","status":"publish","type":"product","link":"https:\/\/designama.ca\/en\/produit\/castile\/","title":{"rendered":"Castile"},"content":{"rendered":"","protected":false},"excerpt":{"rendered":"<h2 class=\"product-title\">Dimensions : 15.75&#8243;H x 30&#8243;W x 30&#8243;D<\/h2>\n<div><span style=\"font-size: 16px\">Ce plafonnier empreint d&#8217;\u00e9l\u00e9gance cr\u00e9ative a pr\u00e9s\u00e9ance sur l&#8217;int\u00e9rieur moderne. Les courbes douces du design se juxtaposent en parfaite harmonie avec sa solide construction en fer au fini mat enduit de poudre noire. Dot\u00e9 de quatre ampoules, sa lueur chaude remplit instantan\u00e9ment l&#8217;int\u00e9rieur.<\/span><\/div>\n<div class=\"product-desc\">\n<div class=\"row\">\n<div class=\"col-md-9\">\n<ul>\n<li>Longueur du tube max. 60 po<\/li>\n<li>Luminaire<\/li>\n<li>Fer<\/li>\n<li>Fini mat enduit de poudre noire<\/li>\n<li>C\u00e2bl\u00e9<\/li>\n<li>Max. 40 W<\/li>\n<li>Culot d&#8217;ampoule E12<\/li>\n<li>Ampoule fournie<\/li>\n<li>Poids net : 7,5 lb<\/li>\n<li>Poids brut : 13,2 lb<\/li>\n<\/ul>\n<\/div>\n<\/div>\n<\/div>\n","protected":false},"featured_media":1174,"comment_status":"open","ping_status":"closed","template":"","meta":[],"product_brand":[],"product_cat":[33],"product_tag":[],"class_list":{"0":"post-1173","1":"product","2":"type-product","3":"status-publish","4":"has-post-thumbnail","6":"product_cat-luminaire","7":"align-left","8":"box-shadow-0","9":"box-shadow-0-hover","10":"ast-product-gallery-layout-horizontal","12":"first","13":"instock","14":"taxable","15":"shipping-taxable","16":"purchasable","17":"product-type-simple"},"_links":{"self":[{"href":"https:\/\/designama.ca\/en\/wp-json\/wp\/v2\/product\/1173","targetHints":{"allow":["GET"]}}],"collection":[{"href":"https:\/\/designama.ca\/en\/wp-json\/wp\/v2\/product"}],"about":[{"href":"https:\/\/designama.ca\/en\/wp-json\/wp\/v2\/types\/product"}],"replies":[{"embeddable":true,"href":"https:\/\/designama.ca\/en\/wp-json\/wp\/v2\/comments?post=1173"}],"wp:featuredmedia":[{"embeddable":true,"href":"https:\/\/designama.ca\/en\/wp-json\/wp\/v2\/media\/1174"}],"wp:attachment":[{"href":"https:\/\/designama.ca\/en\/wp-json\/wp\/v2\/media?parent=1173"}],"wp:term":[{"taxonomy":"product_brand","embeddable":true,"href":"https:\/\/designama.ca\/en\/wp-json\/wp\/v2\/product_brand?post=1173"},{"taxonomy":"product_cat","embeddable":true,"href":"https:\/\/designama.ca\/en\/wp-json\/wp\/v2\/product_cat?post=1173"},{"taxonomy":"product_tag","embeddable":true,"href":"https:\/\/designama.ca\/en\/wp-json\/wp\/v2\/product_tag?post=1173"}],"curies":[{"name":"wp","href":"https:\/\/api.w.org\/{rel}","templated":true}]}}