{"id":1168,"date":"2021-06-08T15:53:09","date_gmt":"2021-06-08T15:53:09","guid":{"rendered":"https:\/\/designama.ca\/?post_type=product&#038;p=1168"},"modified":"2021-06-15T23:41:55","modified_gmt":"2021-06-15T23:41:55","slug":"ignacio","status":"publish","type":"product","link":"https:\/\/designama.ca\/en\/produit\/ignacio\/","title":{"rendered":"Ignacio"},"content":{"rendered":"","protected":false},"excerpt":{"rendered":"<h2 class=\"product-title\">Dimensions : OAH: 27&#8243;H &#8211; Shade: 10.5&#8243;H x Dia-15<\/h2>\n<div class=\"product-desc\">\n<div class=\"row\">\n<div class=\"col-md-9\">\n<p>Le bois de manguier peint \u00e0 la chaux et le coton blanc cass\u00e9 s&#8217;associent pour produire un effet serein. Appari\u00e9e \u00e0 des influences naturelles, cette lampe saura se d\u00e9marquer en cr\u00e9ant un point focal tel un objet d&#8217;art pour votre table de chevet ou d&#8217;appoint.<\/p>\n<ul>\n<li>Lampe de table<\/li>\n<li>Bois du manguier<\/li>\n<li>Fini peint blanc d\u00e9lav\u00e9 et noir<\/li>\n<li>Fer<\/li>\n<li>Fini plaqu\u00e9 en laiton antique<\/li>\n<li>Abat-jour en coton blanc cass\u00e9<\/li>\n<li>3 intensit\u00e9s<\/li>\n<li>Max. 60 W<\/li>\n<li>Culot d&#8217;ampoule E26<\/li>\n<li>Poids net : 7 lb<\/li>\n<li>Poids brut : 14 lb<\/li>\n<\/ul>\n<\/div>\n<\/div>\n<\/div>\n","protected":false},"featured_media":1169,"comment_status":"open","ping_status":"closed","template":"","meta":[],"product_brand":[],"product_cat":[34],"product_tag":[],"class_list":{"0":"post-1168","1":"product","2":"type-product","3":"status-publish","4":"has-post-thumbnail","6":"product_cat-lampe","7":"align-left","8":"box-shadow-0","9":"box-shadow-0-hover","10":"ast-product-gallery-layout-horizontal","12":"first","13":"instock","14":"taxable","15":"shipping-taxable","16":"purchasable","17":"product-type-simple"},"_links":{"self":[{"href":"https:\/\/designama.ca\/en\/wp-json\/wp\/v2\/product\/1168","targetHints":{"allow":["GET"]}}],"collection":[{"href":"https:\/\/designama.ca\/en\/wp-json\/wp\/v2\/product"}],"about":[{"href":"https:\/\/designama.ca\/en\/wp-json\/wp\/v2\/types\/product"}],"replies":[{"embeddable":true,"href":"https:\/\/designama.ca\/en\/wp-json\/wp\/v2\/comments?post=1168"}],"wp:featuredmedia":[{"embeddable":true,"href":"https:\/\/designama.ca\/en\/wp-json\/wp\/v2\/media\/1169"}],"wp:attachment":[{"href":"https:\/\/designama.ca\/en\/wp-json\/wp\/v2\/media?parent=1168"}],"wp:term":[{"taxonomy":"product_brand","embeddable":true,"href":"https:\/\/designama.ca\/en\/wp-json\/wp\/v2\/product_brand?post=1168"},{"taxonomy":"product_cat","embeddable":true,"href":"https:\/\/designama.ca\/en\/wp-json\/wp\/v2\/product_cat?post=1168"},{"taxonomy":"product_tag","embeddable":true,"href":"https:\/\/designama.ca\/en\/wp-json\/wp\/v2\/product_tag?post=1168"}],"curies":[{"name":"wp","href":"https:\/\/api.w.org\/{rel}","templated":true}]}}