{"id":1157,"date":"2021-06-08T15:49:03","date_gmt":"2021-06-08T15:49:03","guid":{"rendered":"https:\/\/designama.ca\/?post_type=product&#038;p=1157"},"modified":"2021-06-15T23:43:35","modified_gmt":"2021-06-15T23:43:35","slug":"axis","status":"publish","type":"product","link":"https:\/\/designama.ca\/en\/produit\/axis\/","title":{"rendered":"Axis"},"content":{"rendered":"","protected":false},"excerpt":{"rendered":"<h2 class=\"product-title\">Dimensions : 11&#8243;H X 42.5&#8243;W ADJ.<\/h2>\n<div><span style=\"font-size: 16px\">12 lumi\u00e8res &#8211; plaqu\u00e9 or &#8211; acier &#8211; 40 W &#8211; c\u00e2bl\u00e9<\/span><\/div>\n","protected":false},"featured_media":1158,"comment_status":"open","ping_status":"closed","template":"","meta":[],"product_brand":[],"product_cat":[33],"product_tag":[],"class_list":{"0":"post-1157","1":"product","2":"type-product","3":"status-publish","4":"has-post-thumbnail","6":"product_cat-luminaire","7":"align-left","8":"box-shadow-0","9":"box-shadow-0-hover","10":"ast-product-gallery-layout-horizontal","12":"first","13":"instock","14":"taxable","15":"shipping-taxable","16":"purchasable","17":"product-type-simple"},"_links":{"self":[{"href":"https:\/\/designama.ca\/en\/wp-json\/wp\/v2\/product\/1157","targetHints":{"allow":["GET"]}}],"collection":[{"href":"https:\/\/designama.ca\/en\/wp-json\/wp\/v2\/product"}],"about":[{"href":"https:\/\/designama.ca\/en\/wp-json\/wp\/v2\/types\/product"}],"replies":[{"embeddable":true,"href":"https:\/\/designama.ca\/en\/wp-json\/wp\/v2\/comments?post=1157"}],"wp:featuredmedia":[{"embeddable":true,"href":"https:\/\/designama.ca\/en\/wp-json\/wp\/v2\/media\/1158"}],"wp:attachment":[{"href":"https:\/\/designama.ca\/en\/wp-json\/wp\/v2\/media?parent=1157"}],"wp:term":[{"taxonomy":"product_brand","embeddable":true,"href":"https:\/\/designama.ca\/en\/wp-json\/wp\/v2\/product_brand?post=1157"},{"taxonomy":"product_cat","embeddable":true,"href":"https:\/\/designama.ca\/en\/wp-json\/wp\/v2\/product_cat?post=1157"},{"taxonomy":"product_tag","embeddable":true,"href":"https:\/\/designama.ca\/en\/wp-json\/wp\/v2\/product_tag?post=1157"}],"curies":[{"name":"wp","href":"https:\/\/api.w.org\/{rel}","templated":true}]}}