{"id":1132,"date":"2021-06-08T15:39:13","date_gmt":"2021-06-08T15:39:13","guid":{"rendered":"https:\/\/designama.ca\/?post_type=product&#038;p=1132"},"modified":"2021-06-15T23:49:40","modified_gmt":"2021-06-15T23:49:40","slug":"waren","status":"publish","type":"product","link":"https:\/\/designama.ca\/en\/produit\/waren\/","title":{"rendered":"Waren"},"content":{"rendered":"","protected":false},"excerpt":{"rendered":"<h2 class=\"product-title\">Dimensions : 24&#8243;W x 36&#8243;H x 0.5&#8243;D<\/h2>\n<div class=\"product-desc\">\n<div class=\"row\">\n<div class=\"col-md-9\">\n<p>L&#8217;int\u00e9rieur de la maison s&#8217;impr\u00e8gnera d&#8217;une \u00e9nergie accueillante gr\u00e2ce \u00e0 l&#8217;ajout de ce miroir. La qualit\u00e9 simpliste du cadre m\u00e9tallique noir mat peint par technique de poudrage lui procure son aspect de compl\u00e9tude, sans accents complexes. La forme arqu\u00e9e est con\u00e7ue pour \u00eatre grandiose sans pourtant envahir l&#8217;espace.<\/p>\n<ul>\n<li>Fer<\/li>\n<li>Fini mat enduit de poudre noire<\/li>\n<li>Anneau en forme de D<\/li>\n<li>Poids net : 17,6 lb<\/li>\n<li>Poids brut : 38,3 lb<\/li>\n<\/ul>\n<\/div>\n<\/div>\n<\/div>\n","protected":false},"featured_media":1133,"comment_status":"open","ping_status":"closed","template":"","meta":[],"product_brand":[],"product_cat":[32],"product_tag":[],"class_list":{"0":"post-1132","1":"product","2":"type-product","3":"status-publish","4":"has-post-thumbnail","6":"product_cat-miroir","7":"align-left","8":"box-shadow-0","9":"box-shadow-0-hover","10":"ast-product-gallery-layout-horizontal","12":"first","13":"instock","14":"taxable","15":"shipping-taxable","16":"purchasable","17":"product-type-simple"},"_links":{"self":[{"href":"https:\/\/designama.ca\/en\/wp-json\/wp\/v2\/product\/1132","targetHints":{"allow":["GET"]}}],"collection":[{"href":"https:\/\/designama.ca\/en\/wp-json\/wp\/v2\/product"}],"about":[{"href":"https:\/\/designama.ca\/en\/wp-json\/wp\/v2\/types\/product"}],"replies":[{"embeddable":true,"href":"https:\/\/designama.ca\/en\/wp-json\/wp\/v2\/comments?post=1132"}],"wp:featuredmedia":[{"embeddable":true,"href":"https:\/\/designama.ca\/en\/wp-json\/wp\/v2\/media\/1133"}],"wp:attachment":[{"href":"https:\/\/designama.ca\/en\/wp-json\/wp\/v2\/media?parent=1132"}],"wp:term":[{"taxonomy":"product_brand","embeddable":true,"href":"https:\/\/designama.ca\/en\/wp-json\/wp\/v2\/product_brand?post=1132"},{"taxonomy":"product_cat","embeddable":true,"href":"https:\/\/designama.ca\/en\/wp-json\/wp\/v2\/product_cat?post=1132"},{"taxonomy":"product_tag","embeddable":true,"href":"https:\/\/designama.ca\/en\/wp-json\/wp\/v2\/product_tag?post=1132"}],"curies":[{"name":"wp","href":"https:\/\/api.w.org\/{rel}","templated":true}]}}