{"id":722,"date":"2020-10-16T13:28:46","date_gmt":"2020-10-16T13:28:46","guid":{"rendered":"https:\/\/designama.ca\/?page_id=722"},"modified":"2021-01-18T17:58:23","modified_gmt":"2021-01-18T17:58:23","slug":"us","status":"publish","type":"page","link":"https:\/\/designama.ca\/en\/us\/","title":{"rendered":"Us"},"content":{"rendered":"\t\t<div data-elementor-type=\"wp-page\" data-elementor-id=\"722\" class=\"elementor elementor-722 elementor-27\" data-elementor-post-type=\"page\">\n\t\t\t\t\t\t<section class=\"elementor-section elementor-top-section elementor-element elementor-element-094057f elementor-section-height-min-height elementor-section-boxed elementor-section-height-default elementor-section-items-middle\" data-id=\"094057f\" data-element_type=\"section\" data-settings=\"{&quot;background_background&quot;:&quot;classic&quot;}\">\n\t\t\t\t\t\t\t<div class=\"elementor-background-overlay\"><\/div>\n\t\t\t\t\t\t\t<div class=\"elementor-container elementor-column-gap-default\">\n\t\t\t\t\t<div class=\"elementor-column elementor-col-100 elementor-top-column elementor-element elementor-element-a98499d\" data-id=\"a98499d\" data-element_type=\"column\">\n\t\t\t<div class=\"elementor-widget-wrap elementor-element-populated\">\n\t\t\t\t\t\t<div class=\"elementor-element elementor-element-92fa861 elementor-widget elementor-widget-heading\" data-id=\"92fa861\" data-element_type=\"widget\" data-widget_type=\"heading.default\">\n\t\t\t\t<div class=\"elementor-widget-container\">\n\t\t\t\t\t<h1 class=\"elementor-heading-title elementor-size-default\">Us<\/h1>\t\t\t\t<\/div>\n\t\t\t\t<\/div>\n\t\t\t\t<div class=\"elementor-element elementor-element-f52c371 elementor-widget elementor-widget-heading\" data-id=\"f52c371\" data-element_type=\"widget\" data-widget_type=\"heading.default\">\n\t\t\t\t<div class=\"elementor-widget-container\">\n\t\t\t\t\t<p class=\"elementor-heading-title elementor-size-default\">AMA is the coming together of two ambitious women with complementary backgrounds, passionate about design, ready to meet all your challenges and exceed your expectations to help make your environment reflect your personality.<\/p>\t\t\t\t<\/div>\n\t\t\t\t<\/div>\n\t\t\t\t\t<\/div>\n\t\t<\/div>\n\t\t\t\t\t<\/div>\n\t\t<\/section>\n\t\t\t\t<section class=\"elementor-section elementor-top-section elementor-element elementor-element-b2997b7 elementor-section-boxed elementor-section-height-default elementor-section-height-default\" data-id=\"b2997b7\" data-element_type=\"section\">\n\t\t\t\t\t\t<div class=\"elementor-container elementor-column-gap-default\">\n\t\t\t\t\t<div class=\"elementor-column elementor-col-100 elementor-top-column elementor-element elementor-element-e97ac6f\" data-id=\"e97ac6f\" data-element_type=\"column\">\n\t\t\t<div class=\"elementor-widget-wrap elementor-element-populated\">\n\t\t\t\t\t\t<div class=\"elementor-element elementor-element-3ad1865 elementor-widget elementor-widget-heading\" data-id=\"3ad1865\" data-element_type=\"widget\" data-widget_type=\"heading.default\">\n\t\t\t\t<div class=\"elementor-widget-container\">\n\t\t\t\t\t<h2 class=\"elementor-heading-title elementor-size-default\">Love at first sight + busy moms <\/h2>\t\t\t\t<\/div>\n\t\t\t\t<\/div>\n\t\t\t\t\t<\/div>\n\t\t<\/div>\n\t\t\t\t\t<\/div>\n\t\t<\/section>\n\t\t\t\t<section class=\"elementor-section elementor-top-section elementor-element elementor-element-7afec8b elementor-section-boxed elementor-section-height-default elementor-section-height-default\" data-id=\"7afec8b\" data-element_type=\"section\">\n\t\t\t\t\t\t<div class=\"elementor-container elementor-column-gap-default\">\n\t\t\t\t\t<div class=\"elementor-column elementor-col-50 elementor-top-column elementor-element elementor-element-c4b06e3\" data-id=\"c4b06e3\" data-element_type=\"column\">\n\t\t\t<div class=\"elementor-widget-wrap elementor-element-populated\">\n\t\t\t\t\t\t<div class=\"elementor-element elementor-element-089ea8d elementor-widget elementor-widget-heading\" data-id=\"089ea8d\" data-element_type=\"widget\" data-widget_type=\"heading.default\">\n\t\t\t\t<div class=\"elementor-widget-container\">\n\t\t\t\t\t<h2 class=\"elementor-heading-title elementor-size-default\">Audrey Scala - Forcioli<\/h2>\t\t\t\t<\/div>\n\t\t\t\t<\/div>\n\t\t\t\t<div class=\"elementor-element elementor-element-9aff1c6 elementor-widget elementor-widget-image\" data-id=\"9aff1c6\" data-element_type=\"widget\" data-widget_type=\"image.default\">\n\t\t\t\t<div class=\"elementor-widget-container\">\n\t\t\t\t\t\t\t\t\t\t\t\t\t\t\t<img fetchpriority=\"high\" decoding=\"async\" width=\"575\" height=\"575\" src=\"https:\/\/designama.ca\/wp-content\/uploads\/2020\/09\/AudreyScalla-carre.jpg\" class=\"attachment-large size-large wp-image-210\" alt=\"\" srcset=\"https:\/\/designama.ca\/wp-content\/uploads\/2020\/09\/AudreyScalla-carre.jpg 575w, https:\/\/designama.ca\/wp-content\/uploads\/2020\/09\/AudreyScalla-carre-150x150.jpg 150w, https:\/\/designama.ca\/wp-content\/uploads\/2020\/09\/AudreyScalla-carre-300x300.jpg 300w\" sizes=\"(max-width: 575px) 100vw, 575px\" \/>\t\t\t\t\t\t\t\t\t\t\t\t\t\t\t<\/div>\n\t\t\t\t<\/div>\n\t\t\t\t<div class=\"elementor-element elementor-element-a131f6d elementor-widget elementor-widget-text-editor\" data-id=\"a131f6d\" data-element_type=\"widget\" data-widget_type=\"text-editor.default\">\n\t\t\t\t<div class=\"elementor-widget-container\">\n\t\t\t\t\t\t\t\t\t<p>Audrey Scala-Forcioli has been working in the field of design for almost 20 years.<\/p><p>When she was 18, Audrey was first introduced to the professional world of design and interior design. She made her start in the family business, where she participated in several large commercial projects. For 7 years, she learned her trade by creating with materials, lights, colours and shapes.\u00a0Passionate about new trends, she decided in 2007 to found her own business by favouring the residential sector to get closer to her customers. Due to her expertise in commercial projects, Audrey brings her rigor and daring to her new customers.<\/p><p>In 2011, she entered the world of television by joining the &#8220;Bye-Bye Maison&#8221; team of the Canal Vie channel for a \u201cHome Staging\u201d episode, aimed at helping homeowners who wanted to sell their home quickly. This episode was no. 1 in viewership for several years.<\/p><p>To date, Audrey has completed multiple projects, allowing her clients to live in the environment that represents them best.<\/p><p><strong>Inspired by: <\/strong><\/p><p>Human contact &#8220;H to H&#8221;. Encouraging a feeling of comfort and harmony by beautifying an environment that reflects the customer. Urban design, a mix of materials, the application of colours and textures. The importance of that last little touch to complete the project.<\/p>\t\t\t\t\t\t\t\t<\/div>\n\t\t\t\t<\/div>\n\t\t\t\t<div class=\"elementor-element elementor-element-aa0ac6c elementor-view-default elementor-widget elementor-widget-icon\" data-id=\"aa0ac6c\" data-element_type=\"widget\" data-widget_type=\"icon.default\">\n\t\t\t\t<div class=\"elementor-widget-container\">\n\t\t\t\t\t\t\t<div class=\"elementor-icon-wrapper\">\n\t\t\t<a class=\"elementor-icon\" href=\"https:\/\/www.linkedin.com\/in\/audreys1\/\" target=\"_blank\">\n\t\t\t<i aria-hidden=\"true\" class=\"fab fa-linkedin\"><\/i>\t\t\t<\/a>\n\t\t<\/div>\n\t\t\t\t\t\t<\/div>\n\t\t\t\t<\/div>\n\t\t\t\t\t<\/div>\n\t\t<\/div>\n\t\t\t\t<div class=\"elementor-column elementor-col-50 elementor-top-column elementor-element elementor-element-34a4d8f\" data-id=\"34a4d8f\" data-element_type=\"column\">\n\t\t\t<div class=\"elementor-widget-wrap elementor-element-populated\">\n\t\t\t\t\t\t<div class=\"elementor-element elementor-element-edd3edb elementor-widget elementor-widget-heading\" data-id=\"edd3edb\" data-element_type=\"widget\" data-widget_type=\"heading.default\">\n\t\t\t\t<div class=\"elementor-widget-container\">\n\t\t\t\t\t<h2 class=\"elementor-heading-title elementor-size-default\">Audrey Levy<\/h2>\t\t\t\t<\/div>\n\t\t\t\t<\/div>\n\t\t\t\t<div class=\"elementor-element elementor-element-592452a elementor-widget elementor-widget-image\" data-id=\"592452a\" data-element_type=\"widget\" data-widget_type=\"image.default\">\n\t\t\t\t<div class=\"elementor-widget-container\">\n\t\t\t\t\t\t\t\t\t\t\t\t\t\t\t<img decoding=\"async\" width=\"768\" height=\"513\" src=\"https:\/\/designama.ca\/wp-content\/uploads\/2020\/12\/Audrey-scaled.jpeg\" class=\"attachment-medium_large size-medium_large wp-image-765\" alt=\"\" srcset=\"https:\/\/designama.ca\/wp-content\/uploads\/2020\/12\/Audrey-scaled.jpeg 2560w, https:\/\/designama.ca\/wp-content\/uploads\/2020\/12\/Audrey-scaled-300x200.jpeg 300w, https:\/\/designama.ca\/wp-content\/uploads\/2020\/12\/Audrey-scaled-1024x684.jpeg 1024w\" sizes=\"(max-width: 768px) 100vw, 768px\" \/>\t\t\t\t\t\t\t\t\t\t\t\t\t\t\t<\/div>\n\t\t\t\t<\/div>\n\t\t\t\t<div class=\"elementor-element elementor-element-e1acb0b elementor-widget elementor-widget-text-editor\" data-id=\"e1acb0b\" data-element_type=\"widget\" data-widget_type=\"text-editor.default\">\n\t\t\t\t<div class=\"elementor-widget-container\">\n\t\t\t\t\t\t\t\t\t<p style=\"font-size: 15px; font-style: normal; font-weight: 400;\">Audrey Levy est une v\u00e9ritable passionn\u00e9e. Forte de son exp\u00e9rience en d\u00e9veloppement des affaires et achat de collection dans le domaine de l\u2019\u00e9v\u00e9nement, elle se sp\u00e9cialise au fil des ann\u00e9es en vente, concept sur mesure et marketing.\u00a0<\/p><p style=\"font-size: 15px; font-style: normal; font-weight: 400;\">Son r\u00f4le de vice-pr\u00e9sidente vente et d\u00e9veloppement des affaires chez ABP et son go\u00fbt pour le d\u00e9passement permettent \u00e0 Audrey de chapeauter plusieurs projets en parall\u00e8le avec une main de ma\u00eetre, en faisant une professionnelle incontournable du domaine, \u00e0 l\u2019\u00e9coute des besoins de ses clients et de leurs enjeux.\u00a0<\/p><p style=\"font-size: 15px; font-style: normal; font-weight: 400;\">Son approche cr\u00e9ative et pragmatique, son sens de la rigueur, sa capacit\u00e9 \u00e0 s\u2019entourer de personne exp\u00e9riment\u00e9e et son d\u00e9vouement sans faille pour ses clients permettent \u00e0 Audrey d\u2019aller au-del\u00e0 des attentes en se surpassant sans cesse.\u00a0<\/p><p style=\"font-size: 15px; font-style: normal; font-weight: 400;\">Avec plusieurs projets de design sur mesure de nature personnelle \u00e0 son actif, Audrey a appris \u00e0 d\u00e9couvrir ce secteur et d\u00e9cide de le jumeler \u00e0 ce qui la passionne dans la vie; le d\u00e9veloppement des affaires, le contact client et l\u2019am\u00e9nagement d\u2019int\u00e9rieur.\u00a0<span style=\"font-size: 15px;\">Le pourquoi de Design AMA. Elle garde une passion profonde pour l\u2019\u00e9v\u00e9nementiel qui lui a permis de d\u00e9velopper une facilit\u00e9 \u00e0 maximiser des espaces.\u00a0<\/span><\/p><p style=\"font-size: 15px; font-style: normal; font-weight: 400;\"><span style=\"font-size: 15px; font-weight: bold;\">Inspir\u00e9e par :\u00a0<\/span><\/p><p style=\"font-size: 15px; font-style: normal; font-weight: 400;\"><span style=\"font-size: 15px;\">Le design permet d\u2019accentuer un moment d\u2019\u00e9motion tant pour un souper de famille, devant un film ou dans un restaurant avec un verre de vin dans un d\u00e9cor f\u00e9erique. Le design ne fait pas le bonheur, mais il permet d\u2019ajouter un sentiment de bien-\u00eatre. C\u2019est important de bien comprendre les besoins des gens pour leur cr\u00e9er un espace \u00e0 leur image dans lequel ils vont se sentir bien<\/span><\/p>\t\t\t\t\t\t\t\t<\/div>\n\t\t\t\t<\/div>\n\t\t\t\t<div class=\"elementor-element elementor-element-c11cd1d elementor-view-default elementor-widget elementor-widget-icon\" data-id=\"c11cd1d\" data-element_type=\"widget\" data-widget_type=\"icon.default\">\n\t\t\t\t<div class=\"elementor-widget-container\">\n\t\t\t\t\t\t\t<div class=\"elementor-icon-wrapper\">\n\t\t\t<a class=\"elementor-icon\" href=\"https:\/\/www.linkedin.com\/in\/audrey-levy-753a6310\/\" target=\"_blank\">\n\t\t\t<i aria-hidden=\"true\" class=\"fab fa-linkedin\"><\/i>\t\t\t<\/a>\n\t\t<\/div>\n\t\t\t\t\t\t<\/div>\n\t\t\t\t<\/div>\n\t\t\t\t\t<\/div>\n\t\t<\/div>\n\t\t\t\t\t<\/div>\n\t\t<\/section>\n\t\t\t\t<\/div>\n\t\t","protected":false},"excerpt":{"rendered":"<p>Us AMA is the coming together of two ambitious women with complementary backgrounds, passionate about design, ready to meet all your challenges and exceed your expectations to help make your environment reflect your personality. Love at first sight + busy moms Audrey Scala &#8211; Forcioli Audrey Scala-Forcioli has been working in the field of design &hellip;<\/p>\n<p class=\"read-more\"> <a class=\"\" href=\"https:\/\/designama.ca\/en\/us\/\"> <span class=\"screen-reader-text\">Us<\/span> Read More \u00bb<\/a><\/p>\n","protected":false},"author":1,"featured_media":0,"parent":0,"menu_order":0,"comment_status":"closed","ping_status":"closed","template":"","meta":{"footnotes":""},"class_list":["post-722","page","type-page","status-publish","hentry"],"_links":{"self":[{"href":"https:\/\/designama.ca\/en\/wp-json\/wp\/v2\/pages\/722","targetHints":{"allow":["GET"]}}],"collection":[{"href":"https:\/\/designama.ca\/en\/wp-json\/wp\/v2\/pages"}],"about":[{"href":"https:\/\/designama.ca\/en\/wp-json\/wp\/v2\/types\/page"}],"author":[{"embeddable":true,"href":"https:\/\/designama.ca\/en\/wp-json\/wp\/v2\/users\/1"}],"replies":[{"embeddable":true,"href":"https:\/\/designama.ca\/en\/wp-json\/wp\/v2\/comments?post=722"}],"version-history":[{"count":6,"href":"https:\/\/designama.ca\/en\/wp-json\/wp\/v2\/pages\/722\/revisions"}],"predecessor-version":[{"id":844,"href":"https:\/\/designama.ca\/en\/wp-json\/wp\/v2\/pages\/722\/revisions\/844"}],"wp:attachment":[{"href":"https:\/\/designama.ca\/en\/wp-json\/wp\/v2\/media?parent=722"}],"curies":[{"name":"wp","href":"https:\/\/api.w.org\/{rel}","templated":true}]}}